{"id":4318,"date":"2014-08-13T10:51:59","date_gmt":"2014-08-13T13:51:59","guid":{"rendered":"http:\/\/www.fesprosa.com.ar\/portal\/?page_id=4318"},"modified":"2023-10-02T13:53:25","modified_gmt":"2023-10-02T13:53:25","slug":"formacion-sindical-2","status":"publish","type":"page","link":"https:\/\/fesprosa.org.ar\/portal\/formacion-sindical-2\/","title":{"rendered":"FORMACI\u00d3N SINDICAL"},"content":{"rendered":"<p>Gu\u00eda de acci\u00f3n sindical<\/p>\n<p style=\"text-align: center;\">DOCUMENTO<br \/><a href=\"http:\/\/fesprosa.org.ar\/portal\/wp-content\/uploads\/2014\/08\/Gu\u00eda-acci\u00f3n-sindical1.pdf\"><img loading=\"lazy\" decoding=\"async\" class=\"aligncenter size-full wp-image-4228\" src=\"http:\/\/fesprosa.org.ar\/portal\/wp-content\/uploads\/2014\/08\/btn-descarga-0111.png\" alt=\"btn-descarga-01\" width=\"868\" height=\"72\" srcset=\"https:\/\/fesprosa.org.ar\/portal\/wp-content\/uploads\/2014\/08\/btn-descarga-0111.png 868w, https:\/\/fesprosa.org.ar\/portal\/wp-content\/uploads\/2014\/08\/btn-descarga-0111-300x25.png 300w, https:\/\/fesprosa.org.ar\/portal\/wp-content\/uploads\/2014\/08\/btn-descarga-0111-500x41.png 500w\" sizes=\"auto, (max-width: 868px) 100vw, 868px\" \/><\/a><\/p>\n<p>Gu\u00eda pr\u00e1ctica para la libertad sindical<\/p>\n<p style=\"text-align: center;\">DOCUMENTO<br \/><a href=\"http:\/\/fesprosa.org.ar\/portal\/wp-content\/uploads\/2014\/08\/Guia_practica_de_la_Libertad_Sindical1.pdf\"><img loading=\"lazy\" decoding=\"async\" class=\"aligncenter size-full wp-image-4228\" src=\"http:\/\/fesprosa.org.ar\/portal\/wp-content\/uploads\/2014\/08\/btn-descarga-0111.png\" alt=\"btn-descarga-01\" width=\"868\" height=\"72\" srcset=\"https:\/\/fesprosa.org.ar\/portal\/wp-content\/uploads\/2014\/08\/btn-descarga-0111.png 868w, https:\/\/fesprosa.org.ar\/portal\/wp-content\/uploads\/2014\/08\/btn-descarga-0111-300x25.png 300w, https:\/\/fesprosa.org.ar\/portal\/wp-content\/uploads\/2014\/08\/btn-descarga-0111-500x41.png 500w\" sizes=\"auto, (max-width: 868px) 100vw, 868px\" \/><\/a><\/p>\n<p>Gu\u00eda sobre las normas internacionales de trabajo<\/p>\n<p style=\"text-align: center;\">DOCUMENTO<br \/><a href=\"http:\/\/fesprosa.org.ar\/portal\/wp-content\/uploads\/2014\/08\/Guia_sobre_las_NIT11.pdf\"><img loading=\"lazy\" decoding=\"async\" class=\"aligncenter size-full wp-image-4228\" src=\"http:\/\/fesprosa.org.ar\/portal\/wp-content\/uploads\/2014\/08\/btn-descarga-0111.png\" alt=\"btn-descarga-01\" width=\"868\" height=\"72\" srcset=\"https:\/\/fesprosa.org.ar\/portal\/wp-content\/uploads\/2014\/08\/btn-descarga-0111.png 868w, https:\/\/fesprosa.org.ar\/portal\/wp-content\/uploads\/2014\/08\/btn-descarga-0111-300x25.png 300w, https:\/\/fesprosa.org.ar\/portal\/wp-content\/uploads\/2014\/08\/btn-descarga-0111-500x41.png 500w\" sizes=\"auto, (max-width: 868px) 100vw, 868px\" \/><\/a><\/p>\n<p>Comunicaci\u00f3n externa en las organizaciones sindicales<\/p>\n<p style=\"text-align: center;\">DOCUMENTO<br \/><a href=\"http:\/\/fesprosa.org.ar\/portal\/wp-content\/uploads\/2014\/08\/La_comunicacion_en_las_organizaciones_sindicales1.pdf\"><img loading=\"lazy\" decoding=\"async\" class=\"aligncenter size-full wp-image-4228\" src=\"http:\/\/fesprosa.org.ar\/portal\/wp-content\/uploads\/2014\/08\/btn-descarga-0111.png\" alt=\"btn-descarga-01\" width=\"868\" height=\"72\" srcset=\"https:\/\/fesprosa.org.ar\/portal\/wp-content\/uploads\/2014\/08\/btn-descarga-0111.png 868w, https:\/\/fesprosa.org.ar\/portal\/wp-content\/uploads\/2014\/08\/btn-descarga-0111-300x25.png 300w, https:\/\/fesprosa.org.ar\/portal\/wp-content\/uploads\/2014\/08\/btn-descarga-0111-500x41.png 500w\" sizes=\"auto, (max-width: 868px) 100vw, 868px\" \/><\/a><\/p>\n<p>Manual m\u00f3dulo de partida para el trabajo decente<\/p>\n<p style=\"text-align: center;\">DOCUMENTO<br \/><a href=\"http:\/\/fesprosa.org.ar\/portal\/wp-content\/uploads\/2014\/08\/MANUAL_Modulo_de_partida_TD1.pdf\"><img loading=\"lazy\" decoding=\"async\" class=\"aligncenter size-full wp-image-4228\" src=\"http:\/\/fesprosa.org.ar\/portal\/wp-content\/uploads\/2014\/08\/btn-descarga-0111.png\" alt=\"btn-descarga-01\" width=\"868\" height=\"72\" srcset=\"https:\/\/fesprosa.org.ar\/portal\/wp-content\/uploads\/2014\/08\/btn-descarga-0111.png 868w, https:\/\/fesprosa.org.ar\/portal\/wp-content\/uploads\/2014\/08\/btn-descarga-0111-300x25.png 300w, https:\/\/fesprosa.org.ar\/portal\/wp-content\/uploads\/2014\/08\/btn-descarga-0111-500x41.png 500w\" sizes=\"auto, (max-width: 868px) 100vw, 868px\" \/><\/a><\/p>\n<p>Manual m\u00f3dulo de partida para el trabajo decente (resumen)<\/p>\n<p style=\"text-align: center;\">DOCUMENTO<br \/><a href=\"http:\/\/fesprosa.org.ar\/portal\/wp-content\/uploads\/2014\/08\/MANUAL_Modulo_de_partida_resumido1.pdf\"><img loading=\"lazy\" decoding=\"async\" class=\"aligncenter size-full wp-image-4228\" src=\"http:\/\/fesprosa.org.ar\/portal\/wp-content\/uploads\/2014\/08\/btn-descarga-0111.png\" alt=\"btn-descarga-01\" width=\"868\" height=\"72\" srcset=\"https:\/\/fesprosa.org.ar\/portal\/wp-content\/uploads\/2014\/08\/btn-descarga-0111.png 868w, https:\/\/fesprosa.org.ar\/portal\/wp-content\/uploads\/2014\/08\/btn-descarga-0111-300x25.png 300w, https:\/\/fesprosa.org.ar\/portal\/wp-content\/uploads\/2014\/08\/btn-descarga-0111-500x41.png 500w\" sizes=\"auto, (max-width: 868px) 100vw, 868px\" \/><\/a><\/p>\n<p>Manual de t\u00e9cnicas de comunicaci\u00f3n<\/p>\n<p style=\"text-align: center;\">DOCUMENTO<br \/><a href=\"http:\/\/fesprosa.org.ar\/portal\/wp-content\/uploads\/2014\/08\/manual_tecnicas_comunicacion1.pdf\"><img loading=\"lazy\" decoding=\"async\" class=\"aligncenter size-full wp-image-4228\" src=\"http:\/\/fesprosa.org.ar\/portal\/wp-content\/uploads\/2014\/08\/btn-descarga-0111.png\" alt=\"btn-descarga-01\" width=\"868\" height=\"72\" srcset=\"https:\/\/fesprosa.org.ar\/portal\/wp-content\/uploads\/2014\/08\/btn-descarga-0111.png 868w, https:\/\/fesprosa.org.ar\/portal\/wp-content\/uploads\/2014\/08\/btn-descarga-0111-300x25.png 300w, https:\/\/fesprosa.org.ar\/portal\/wp-content\/uploads\/2014\/08\/btn-descarga-0111-500x41.png 500w\" sizes=\"auto, (max-width: 868px) 100vw, 868px\" \/><\/a><\/p>\n<p>Manual de t\u00e9cnicas de negociaci\u00f3n<\/p>\n<p style=\"text-align: center;\">DOCUMENTO<br \/><a href=\"http:\/\/fesprosa.org.ar\/portal\/wp-content\/uploads\/2014\/08\/normas_y_tecnicas_de_negociacion1.pdf\"><img loading=\"lazy\" decoding=\"async\" class=\"aligncenter size-full wp-image-4228\" src=\"http:\/\/fesprosa.org.ar\/portal\/wp-content\/uploads\/2014\/08\/btn-descarga-0111.png\" alt=\"btn-descarga-01\" width=\"868\" height=\"72\" srcset=\"https:\/\/fesprosa.org.ar\/portal\/wp-content\/uploads\/2014\/08\/btn-descarga-0111.png 868w, https:\/\/fesprosa.org.ar\/portal\/wp-content\/uploads\/2014\/08\/btn-descarga-0111-300x25.png 300w, https:\/\/fesprosa.org.ar\/portal\/wp-content\/uploads\/2014\/08\/btn-descarga-0111-500x41.png 500w\" sizes=\"auto, (max-width: 868px) 100vw, 868px\" \/><\/a><\/p>\n<p>Planificaci\u00f3n de la formaci\u00f3n sindical<\/p>\n<p style=\"text-align: center;\">DOCUMENTO<br \/><a href=\"http:\/\/fesprosa.org.ar\/portal\/wp-content\/uploads\/2014\/08\/planificaciondelaformacionsindical1.pdf\"><img loading=\"lazy\" decoding=\"async\" class=\"aligncenter size-full wp-image-4228\" src=\"http:\/\/fesprosa.org.ar\/portal\/wp-content\/uploads\/2014\/08\/btn-descarga-0111.png\" alt=\"btn-descarga-01\" width=\"868\" height=\"72\" srcset=\"https:\/\/fesprosa.org.ar\/portal\/wp-content\/uploads\/2014\/08\/btn-descarga-0111.png 868w, https:\/\/fesprosa.org.ar\/portal\/wp-content\/uploads\/2014\/08\/btn-descarga-0111-300x25.png 300w, https:\/\/fesprosa.org.ar\/portal\/wp-content\/uploads\/2014\/08\/btn-descarga-0111-500x41.png 500w\" sizes=\"auto, (max-width: 868px) 100vw, 868px\" \/><\/a><\/p>\n<p>Manual de t\u00e9cnicas de comunicaci\u00f3n y negociaci\u00f3n<\/p>\n<p style=\"text-align: center;\">DOCUMENTO<br \/><a href=\"http:\/\/fesprosa.org.ar\/portal\/wp-content\/uploads\/2014\/08\/T\u00e9cnicas_comunicacion_y_negociacion1.pdf\"><img loading=\"lazy\" decoding=\"async\" class=\"aligncenter size-full wp-image-4228\" src=\"http:\/\/fesprosa.org.ar\/portal\/wp-content\/uploads\/2014\/08\/btn-descarga-0111.png\" alt=\"btn-descarga-01\" width=\"868\" height=\"72\" srcset=\"https:\/\/fesprosa.org.ar\/portal\/wp-content\/uploads\/2014\/08\/btn-descarga-0111.png 868w, https:\/\/fesprosa.org.ar\/portal\/wp-content\/uploads\/2014\/08\/btn-descarga-0111-300x25.png 300w, https:\/\/fesprosa.org.ar\/portal\/wp-content\/uploads\/2014\/08\/btn-descarga-0111-500x41.png 500w\" sizes=\"auto, (max-width: 868px) 100vw, 868px\" \/><\/a><\/p>\n<p>Manual de negociaci\u00f3n colectiva<\/p>\n<p style=\"text-align: center;\">DOCUMENTO<br \/><a href=\"http:\/\/fesprosa.org.ar\/portal\/wp-content\/uploads\/2014\/09\/manual_neg_col_final_web1.pdf\"><img loading=\"lazy\" decoding=\"async\" class=\"aligncenter size-full wp-image-4228\" src=\"http:\/\/fesprosa.org.ar\/portal\/wp-content\/uploads\/2014\/08\/btn-descarga-0111.png\" alt=\"btn-descarga-01\" width=\"868\" height=\"72\" srcset=\"https:\/\/fesprosa.org.ar\/portal\/wp-content\/uploads\/2014\/08\/btn-descarga-0111.png 868w, https:\/\/fesprosa.org.ar\/portal\/wp-content\/uploads\/2014\/08\/btn-descarga-0111-300x25.png 300w, https:\/\/fesprosa.org.ar\/portal\/wp-content\/uploads\/2014\/08\/btn-descarga-0111-500x41.png 500w\" sizes=\"auto, (max-width: 868px) 100vw, 868px\" \/><\/a><\/p>\n<p>Manual del delegado<\/p>\n<p style=\"text-align: center;\">DOCUMENTO<br \/><a href=\"http:\/\/fesprosa.org.ar\/portal\/wp-content\/uploads\/2014\/09\/manual_final1.pdf\"><img loading=\"lazy\" decoding=\"async\" class=\"aligncenter size-full wp-image-4228\" src=\"http:\/\/fesprosa.org.ar\/portal\/wp-content\/uploads\/2014\/08\/btn-descarga-0111.png\" alt=\"btn-descarga-01\" width=\"868\" height=\"72\" srcset=\"https:\/\/fesprosa.org.ar\/portal\/wp-content\/uploads\/2014\/08\/btn-descarga-0111.png 868w, https:\/\/fesprosa.org.ar\/portal\/wp-content\/uploads\/2014\/08\/btn-descarga-0111-300x25.png 300w, https:\/\/fesprosa.org.ar\/portal\/wp-content\/uploads\/2014\/08\/btn-descarga-0111-500x41.png 500w\" sizes=\"auto, (max-width: 868px) 100vw, 868px\" \/><\/a><\/p>\n\n\n<p>Gu\u00eda Sindical ISP 2021<\/p>\n\n\n\n<p class=\"has-text-align-center\">DOCUMENTO<\/p>\n\n\n<div class=\"wp-block-image\">\n<figure class=\"aligncenter\"><a href=\"https:\/\/fesprosa.org.ar\/portal\/wp-content\/uploads\/2023\/10\/Guia_sindical_ISP_2021.pdf\"><img loading=\"lazy\" decoding=\"async\" width=\"868\" height=\"72\" src=\"http:\/\/fesprosa.org.ar\/portal\/wp-content\/uploads\/2014\/08\/btn-descarga-0111.png\" alt=\"btn-descarga-01\" class=\"wp-image-4228\" srcset=\"https:\/\/fesprosa.org.ar\/portal\/wp-content\/uploads\/2014\/08\/btn-descarga-0111.png 868w, https:\/\/fesprosa.org.ar\/portal\/wp-content\/uploads\/2014\/08\/btn-descarga-0111-300x25.png 300w, https:\/\/fesprosa.org.ar\/portal\/wp-content\/uploads\/2014\/08\/btn-descarga-0111-500x41.png 500w\" sizes=\"auto, (max-width: 868px) 100vw, 868px\" \/><\/a><\/figure>\n<\/div>","protected":false},"excerpt":{"rendered":"<p>Gu\u00eda de acci\u00f3n sindical DOCUMENTO Gu\u00eda pr\u00e1ctica para la libertad sindical DOCUMENTO Gu\u00eda sobre las normas internacionales de trabajo DOCUMENTO Comunicaci\u00f3n externa en las organizaciones sindicales DOCUMENTO Manual m\u00f3dulo de partida para el trabajo decente DOCUMENTO Manual m\u00f3dulo de partida para el trabajo decente (resumen) DOCUMENTO Manual de t\u00e9cnicas de comunicaci\u00f3n DOCUMENTO Manual de t\u00e9cnicas &#8230;<\/p>\n","protected":false},"author":3,"featured_media":0,"parent":0,"menu_order":0,"comment_status":"closed","ping_status":"closed","template":"","meta":{"footnotes":""},"class_list":["post-4318","page","type-page","status-publish"],"_links":{"self":[{"href":"https:\/\/fesprosa.org.ar\/portal\/wp-json\/wp\/v2\/pages\/4318","targetHints":{"allow":["GET"]}}],"collection":[{"href":"https:\/\/fesprosa.org.ar\/portal\/wp-json\/wp\/v2\/pages"}],"about":[{"href":"https:\/\/fesprosa.org.ar\/portal\/wp-json\/wp\/v2\/types\/page"}],"author":[{"embeddable":true,"href":"https:\/\/fesprosa.org.ar\/portal\/wp-json\/wp\/v2\/users\/3"}],"replies":[{"embeddable":true,"href":"https:\/\/fesprosa.org.ar\/portal\/wp-json\/wp\/v2\/comments?post=4318"}],"version-history":[{"count":1,"href":"https:\/\/fesprosa.org.ar\/portal\/wp-json\/wp\/v2\/pages\/4318\/revisions"}],"predecessor-version":[{"id":15897,"href":"https:\/\/fesprosa.org.ar\/portal\/wp-json\/wp\/v2\/pages\/4318\/revisions\/15897"}],"wp:attachment":[{"href":"https:\/\/fesprosa.org.ar\/portal\/wp-json\/wp\/v2\/media?parent=4318"}],"curies":[{"name":"wp","href":"https:\/\/api.w.org\/{rel}","templated":true}]}}