{"id":4250,"date":"2014-08-05T16:15:02","date_gmt":"2014-08-05T19:15:02","guid":{"rendered":"http:\/\/www.fesprosa.com.ar\/portal\/?page_id=4250"},"modified":"2022-12-02T17:35:22","modified_gmt":"2022-12-02T17:35:22","slug":"salud-laboral-2","status":"publish","type":"page","link":"https:\/\/fesprosa.org.ar\/portal\/salud-laboral-2\/","title":{"rendered":"SALUD LABORAL"},"content":{"rendered":"<p>De sumo inter\u00e9s para el personal de Salud<\/p>\n<p style=\"text-align: center;\">DOCUMENTO<br \/><a href=\"http:\/\/fesprosa.org.ar\/portal\/wp-content\/uploads\/2014\/12\/2014-1381.pdf\"><img loading=\"lazy\" decoding=\"async\" class=\"aligncenter size-full wp-image-4228\" src=\"http:\/\/fesprosa.org.ar\/portal\/wp-content\/uploads\/2014\/08\/btn-descarga-0111.png\" alt=\"btn-descarga-01\" width=\"868\" height=\"72\" srcset=\"https:\/\/fesprosa.org.ar\/portal\/wp-content\/uploads\/2014\/08\/btn-descarga-0111.png 868w, https:\/\/fesprosa.org.ar\/portal\/wp-content\/uploads\/2014\/08\/btn-descarga-0111-300x25.png 300w, https:\/\/fesprosa.org.ar\/portal\/wp-content\/uploads\/2014\/08\/btn-descarga-0111-500x41.png 500w\" sizes=\"auto, (max-width: 868px) 100vw, 868px\" \/><\/a><\/p>\n<p>La identificaci\u00f3n de factores de riesgo puede ayudar a prevenir y tratar el sindrome de desgaste profesional entre el personal de las unidades de cuidados intensivos<\/p>\n<p style=\"text-align: center;\">DOCUMENTO<br \/><a href=\"http:\/\/fesprosa.org.ar\/portal\/wp-content\/uploads\/2014\/08\/LA-IDENTIFICACION-DE-FACTORES-DE-RIESGO-PUEDE-AYUDAR-A-PREVENIR-Y-TRATAR-EL-SINDROME-DE-DESGASTE-PROFESIONAL-ENTRE-EL-PERSONAL-DE-LAS-UNIDADES-DE-CUIDADOS-INTENSIVOS1.pdf\"><img loading=\"lazy\" decoding=\"async\" class=\"aligncenter size-full wp-image-4228\" src=\"http:\/\/fesprosa.org.ar\/portal\/wp-content\/uploads\/2014\/08\/btn-descarga-0111.png\" alt=\"btn-descarga-01\" width=\"868\" height=\"72\" srcset=\"https:\/\/fesprosa.org.ar\/portal\/wp-content\/uploads\/2014\/08\/btn-descarga-0111.png 868w, https:\/\/fesprosa.org.ar\/portal\/wp-content\/uploads\/2014\/08\/btn-descarga-0111-300x25.png 300w, https:\/\/fesprosa.org.ar\/portal\/wp-content\/uploads\/2014\/08\/btn-descarga-0111-500x41.png 500w\" sizes=\"auto, (max-width: 868px) 100vw, 868px\" \/><\/a><\/p>\n<p>Acci\u00f3n sindical<\/p>\n<p style=\"text-align: center;\">DOCUMENTO<br \/><a href=\"http:\/\/fesprosa.org.ar\/portal\/wp-content\/uploads\/2014\/08\/accion_sindical1.pdf\"><img loading=\"lazy\" decoding=\"async\" class=\"aligncenter size-full wp-image-4228\" src=\"http:\/\/fesprosa.org.ar\/portal\/wp-content\/uploads\/2014\/08\/btn-descarga-0111.png\" alt=\"btn-descarga-01\" width=\"868\" height=\"72\" srcset=\"https:\/\/fesprosa.org.ar\/portal\/wp-content\/uploads\/2014\/08\/btn-descarga-0111.png 868w, https:\/\/fesprosa.org.ar\/portal\/wp-content\/uploads\/2014\/08\/btn-descarga-0111-300x25.png 300w, https:\/\/fesprosa.org.ar\/portal\/wp-content\/uploads\/2014\/08\/btn-descarga-0111-500x41.png 500w\" sizes=\"auto, (max-width: 868px) 100vw, 868px\" \/><\/a><\/p>\n<p>Agentes citost\u00e1ticos<\/p>\n<p style=\"text-align: center;\">DOCUMENTO<br \/><a href=\"http:\/\/fesprosa.org.ar\/portal\/wp-content\/uploads\/2014\/08\/citostaticos1.pdf\"><img loading=\"lazy\" decoding=\"async\" class=\"aligncenter size-full wp-image-4228\" src=\"http:\/\/fesprosa.org.ar\/portal\/wp-content\/uploads\/2014\/08\/btn-descarga-0111.png\" alt=\"btn-descarga-01\" width=\"868\" height=\"72\" srcset=\"https:\/\/fesprosa.org.ar\/portal\/wp-content\/uploads\/2014\/08\/btn-descarga-0111.png 868w, https:\/\/fesprosa.org.ar\/portal\/wp-content\/uploads\/2014\/08\/btn-descarga-0111-300x25.png 300w, https:\/\/fesprosa.org.ar\/portal\/wp-content\/uploads\/2014\/08\/btn-descarga-0111-500x41.png 500w\" sizes=\"auto, (max-width: 868px) 100vw, 868px\" \/><\/a><\/p>\n<p>Autoevaluaci\u00f3n riesgos psicof\u00edsicos<\/p>\n<p style=\"text-align: center;\">DOCUMENTO<br \/><a href=\"http:\/\/fesprosa.org.ar\/portal\/wp-content\/uploads\/2014\/08\/cuestionario_autoevaluacion-riesgos-psico1.pdf\"><img loading=\"lazy\" decoding=\"async\" class=\"aligncenter size-full wp-image-4228\" src=\"http:\/\/fesprosa.org.ar\/portal\/wp-content\/uploads\/2014\/08\/btn-descarga-0111.png\" alt=\"btn-descarga-01\" width=\"868\" height=\"72\" srcset=\"https:\/\/fesprosa.org.ar\/portal\/wp-content\/uploads\/2014\/08\/btn-descarga-0111.png 868w, https:\/\/fesprosa.org.ar\/portal\/wp-content\/uploads\/2014\/08\/btn-descarga-0111-300x25.png 300w, https:\/\/fesprosa.org.ar\/portal\/wp-content\/uploads\/2014\/08\/btn-descarga-0111-500x41.png 500w\" sizes=\"auto, (max-width: 868px) 100vw, 868px\" \/><\/a><\/p>\n<p>Prevenci\u00f3n de accidentes en laboratorios<\/p>\n<p style=\"text-align: center;\">DOCUMENTO<br \/><a href=\"http:\/\/fesprosa.org.ar\/portal\/wp-content\/uploads\/2014\/08\/E-Fact_20_-_Checklist_for_the_prevention_of_accidents_in_laboratories1.pdf\"><img loading=\"lazy\" decoding=\"async\" class=\"aligncenter size-full wp-image-4228\" src=\"http:\/\/fesprosa.org.ar\/portal\/wp-content\/uploads\/2014\/08\/btn-descarga-0111.png\" alt=\"btn-descarga-01\" width=\"868\" height=\"72\" srcset=\"https:\/\/fesprosa.org.ar\/portal\/wp-content\/uploads\/2014\/08\/btn-descarga-0111.png 868w, https:\/\/fesprosa.org.ar\/portal\/wp-content\/uploads\/2014\/08\/btn-descarga-0111-300x25.png 300w, https:\/\/fesprosa.org.ar\/portal\/wp-content\/uploads\/2014\/08\/btn-descarga-0111-500x41.png 500w\" sizes=\"auto, (max-width: 868px) 100vw, 868px\" \/><\/a><\/p>\n<p>Prevenci\u00f3n de accidentes con agujas<\/p>\n<p style=\"text-align: center;\">DOCUMENTO<br \/><a href=\"http:\/\/fesprosa.org.ar\/portal\/wp-content\/uploads\/2014\/08\/accidentes-con-agujas1.pdf\"><img loading=\"lazy\" decoding=\"async\" class=\"aligncenter size-full wp-image-4228\" src=\"http:\/\/fesprosa.org.ar\/portal\/wp-content\/uploads\/2014\/08\/btn-descarga-0111.png\" alt=\"btn-descarga-01\" width=\"868\" height=\"72\" srcset=\"https:\/\/fesprosa.org.ar\/portal\/wp-content\/uploads\/2014\/08\/btn-descarga-0111.png 868w, https:\/\/fesprosa.org.ar\/portal\/wp-content\/uploads\/2014\/08\/btn-descarga-0111-300x25.png 300w, https:\/\/fesprosa.org.ar\/portal\/wp-content\/uploads\/2014\/08\/btn-descarga-0111-500x41.png 500w\" sizes=\"auto, (max-width: 868px) 100vw, 868px\" \/><\/a><\/p>\n<p>Evaluaci\u00f3n de riesgos psicosocial<\/p>\n<p style=\"text-align: center;\">DOCUMENTO<br \/><a href=\"http:\/\/fesprosa.org.ar\/portal\/wp-content\/uploads\/2014\/08\/evaluac-riesgos-psicosoc1.pdf\"><img loading=\"lazy\" decoding=\"async\" class=\"aligncenter size-full wp-image-4228\" src=\"http:\/\/fesprosa.org.ar\/portal\/wp-content\/uploads\/2014\/08\/btn-descarga-0111.png\" alt=\"btn-descarga-01\" width=\"868\" height=\"72\" srcset=\"https:\/\/fesprosa.org.ar\/portal\/wp-content\/uploads\/2014\/08\/btn-descarga-0111.png 868w, https:\/\/fesprosa.org.ar\/portal\/wp-content\/uploads\/2014\/08\/btn-descarga-0111-300x25.png 300w, https:\/\/fesprosa.org.ar\/portal\/wp-content\/uploads\/2014\/08\/btn-descarga-0111-500x41.png 500w\" sizes=\"auto, (max-width: 868px) 100vw, 868px\" \/><\/a><\/p>\n<p>Factores de riesgo psicosocial<\/p>\n<p style=\"text-align: center;\">DOCUMENTO<br \/><a href=\"http:\/\/fesprosa.org.ar\/portal\/wp-content\/uploads\/2014\/08\/factores_riesgos_psico11.pdf\"><img loading=\"lazy\" decoding=\"async\" class=\"aligncenter size-full wp-image-4228\" src=\"http:\/\/fesprosa.org.ar\/portal\/wp-content\/uploads\/2014\/08\/btn-descarga-0111.png\" alt=\"btn-descarga-01\" width=\"868\" height=\"72\" srcset=\"https:\/\/fesprosa.org.ar\/portal\/wp-content\/uploads\/2014\/08\/btn-descarga-0111.png 868w, https:\/\/fesprosa.org.ar\/portal\/wp-content\/uploads\/2014\/08\/btn-descarga-0111-300x25.png 300w, https:\/\/fesprosa.org.ar\/portal\/wp-content\/uploads\/2014\/08\/btn-descarga-0111-500x41.png 500w\" sizes=\"auto, (max-width: 868px) 100vw, 868px\" \/><\/a><\/p>\n<p>El impacto de los desastres<\/p>\n<p style=\"text-align: center;\">DOCUMENTO<br \/><a href=\"http:\/\/fesprosa.org.ar\/portal\/wp-content\/uploads\/2014\/08\/El-impacto-de-los-desastres1.pdf\"><img loading=\"lazy\" decoding=\"async\" class=\"aligncenter size-full wp-image-4228\" src=\"http:\/\/fesprosa.org.ar\/portal\/wp-content\/uploads\/2014\/08\/btn-descarga-0111.png\" alt=\"btn-descarga-01\" width=\"868\" height=\"72\" srcset=\"https:\/\/fesprosa.org.ar\/portal\/wp-content\/uploads\/2014\/08\/btn-descarga-0111.png 868w, https:\/\/fesprosa.org.ar\/portal\/wp-content\/uploads\/2014\/08\/btn-descarga-0111-300x25.png 300w, https:\/\/fesprosa.org.ar\/portal\/wp-content\/uploads\/2014\/08\/btn-descarga-0111-500x41.png 500w\" sizes=\"auto, (max-width: 868px) 100vw, 868px\" \/><\/a><\/p>\n<p>Mujer: salud y seguridad<\/p>\n<p style=\"text-align: center;\">DOCUMENTO<br \/><a href=\"http:\/\/fesprosa.org.ar\/portal\/wp-content\/uploads\/2014\/08\/Mujer_Salud_y_Seguridad1.pdf\"><img loading=\"lazy\" decoding=\"async\" class=\"aligncenter size-full wp-image-4228\" src=\"http:\/\/fesprosa.org.ar\/portal\/wp-content\/uploads\/2014\/08\/btn-descarga-0111.png\" alt=\"btn-descarga-01\" width=\"868\" height=\"72\" srcset=\"https:\/\/fesprosa.org.ar\/portal\/wp-content\/uploads\/2014\/08\/btn-descarga-0111.png 868w, https:\/\/fesprosa.org.ar\/portal\/wp-content\/uploads\/2014\/08\/btn-descarga-0111-300x25.png 300w, https:\/\/fesprosa.org.ar\/portal\/wp-content\/uploads\/2014\/08\/btn-descarga-0111-500x41.png 500w\" sizes=\"auto, (max-width: 868px) 100vw, 868px\" \/><\/a><\/p>\n<p>OIT: salud y seguridad<\/p>\n<p style=\"text-align: center;\">DOCUMENTO<br \/><a href=\"http:\/\/fesprosa.org.ar\/portal\/wp-content\/uploads\/2014\/08\/OIT-salud-y-seguridad1.pdf\"><img loading=\"lazy\" decoding=\"async\" class=\"aligncenter size-full wp-image-4228\" src=\"http:\/\/fesprosa.org.ar\/portal\/wp-content\/uploads\/2014\/08\/btn-descarga-0111.png\" alt=\"btn-descarga-01\" width=\"868\" height=\"72\" srcset=\"https:\/\/fesprosa.org.ar\/portal\/wp-content\/uploads\/2014\/08\/btn-descarga-0111.png 868w, https:\/\/fesprosa.org.ar\/portal\/wp-content\/uploads\/2014\/08\/btn-descarga-0111-300x25.png 300w, https:\/\/fesprosa.org.ar\/portal\/wp-content\/uploads\/2014\/08\/btn-descarga-0111-500x41.png 500w\" sizes=\"auto, (max-width: 868px) 100vw, 868px\" \/><\/a><\/p>\n<p>Valoraci\u00f3n psicosocial mediante el uso de los modelos de estr\u00e9s laboral de Demanda-Control y desequilibrio. Esfuerzo-Recompensa<\/p>\n<p style=\"text-align: center;\">DOCUMENTO<br \/><a href=\"http:\/\/fesprosa.org.ar\/portal\/wp-content\/uploads\/2014\/08\/Pena_Pulido_y_colaboradores1.pdf\"><img loading=\"lazy\" decoding=\"async\" class=\"aligncenter size-full wp-image-4228\" src=\"http:\/\/fesprosa.org.ar\/portal\/wp-content\/uploads\/2014\/08\/btn-descarga-0111.png\" alt=\"btn-descarga-01\" width=\"868\" height=\"72\" srcset=\"https:\/\/fesprosa.org.ar\/portal\/wp-content\/uploads\/2014\/08\/btn-descarga-0111.png 868w, https:\/\/fesprosa.org.ar\/portal\/wp-content\/uploads\/2014\/08\/btn-descarga-0111-300x25.png 300w, https:\/\/fesprosa.org.ar\/portal\/wp-content\/uploads\/2014\/08\/btn-descarga-0111-500x41.png 500w\" sizes=\"auto, (max-width: 868px) 100vw, 868px\" \/><\/a><\/p>\n<p>Riesgos psicosociales<\/p>\n<p style=\"text-align: center;\">DOCUMENTO<br \/><a href=\"http:\/\/fesprosa.org.ar\/portal\/wp-content\/uploads\/2014\/08\/Riesgos_Psicosociales_en_el_ambito_Laboral1.pdf\"><img loading=\"lazy\" decoding=\"async\" class=\"aligncenter size-full wp-image-4228\" src=\"http:\/\/fesprosa.org.ar\/portal\/wp-content\/uploads\/2014\/08\/btn-descarga-0111.png\" alt=\"btn-descarga-01\" width=\"868\" height=\"72\" srcset=\"https:\/\/fesprosa.org.ar\/portal\/wp-content\/uploads\/2014\/08\/btn-descarga-0111.png 868w, https:\/\/fesprosa.org.ar\/portal\/wp-content\/uploads\/2014\/08\/btn-descarga-0111-300x25.png 300w, https:\/\/fesprosa.org.ar\/portal\/wp-content\/uploads\/2014\/08\/btn-descarga-0111-500x41.png 500w\" sizes=\"auto, (max-width: 868px) 100vw, 868px\" \/><\/a><\/p>\n<p>Salud y seguridad en el trabajo I<\/p>\n<p style=\"text-align: center;\">DOCUMENTO<br \/><a href=\"http:\/\/fesprosa.org.ar\/portal\/wp-content\/uploads\/2014\/08\/salud-y-seguridad-en-el-trabajo1.pdf\"><img loading=\"lazy\" decoding=\"async\" class=\"aligncenter size-full wp-image-4228\" src=\"http:\/\/fesprosa.org.ar\/portal\/wp-content\/uploads\/2014\/08\/btn-descarga-0111.png\" alt=\"btn-descarga-01\" width=\"868\" height=\"72\" srcset=\"https:\/\/fesprosa.org.ar\/portal\/wp-content\/uploads\/2014\/08\/btn-descarga-0111.png 868w, https:\/\/fesprosa.org.ar\/portal\/wp-content\/uploads\/2014\/08\/btn-descarga-0111-300x25.png 300w, https:\/\/fesprosa.org.ar\/portal\/wp-content\/uploads\/2014\/08\/btn-descarga-0111-500x41.png 500w\" sizes=\"auto, (max-width: 868px) 100vw, 868px\" \/><\/a><\/p>\n<p>Salud y seguridad en el trabajo II<\/p>\n<p style=\"text-align: center;\">DOCUMENTO<br \/><a href=\"http:\/\/fesprosa.org.ar\/portal\/wp-content\/uploads\/2014\/08\/salud-y-seguridad-en-el-trabajo-II1.pdf\"><img loading=\"lazy\" decoding=\"async\" class=\"aligncenter size-full wp-image-4228\" src=\"http:\/\/fesprosa.org.ar\/portal\/wp-content\/uploads\/2014\/08\/btn-descarga-0111.png\" alt=\"btn-descarga-01\" width=\"868\" height=\"72\" srcset=\"https:\/\/fesprosa.org.ar\/portal\/wp-content\/uploads\/2014\/08\/btn-descarga-0111.png 868w, https:\/\/fesprosa.org.ar\/portal\/wp-content\/uploads\/2014\/08\/btn-descarga-0111-300x25.png 300w, https:\/\/fesprosa.org.ar\/portal\/wp-content\/uploads\/2014\/08\/btn-descarga-0111-500x41.png 500w\" sizes=\"auto, (max-width: 868px) 100vw, 868px\" \/><\/a><\/p>\n<p>Salud y seguridad para trabajadores de la salud<\/p>\n<p style=\"text-align: center;\">DOCUMENTO<br \/><a href=\"http:\/\/fesprosa.org.ar\/portal\/wp-content\/uploads\/2014\/08\/salud-y-seguridad-trabajadores-de-la-salud1.pdf\"><img loading=\"lazy\" decoding=\"async\" class=\"aligncenter size-full wp-image-4228\" src=\"http:\/\/fesprosa.org.ar\/portal\/wp-content\/uploads\/2014\/08\/btn-descarga-0111.png\" alt=\"btn-descarga-01\" width=\"868\" height=\"72\" srcset=\"https:\/\/fesprosa.org.ar\/portal\/wp-content\/uploads\/2014\/08\/btn-descarga-0111.png 868w, https:\/\/fesprosa.org.ar\/portal\/wp-content\/uploads\/2014\/08\/btn-descarga-0111-300x25.png 300w, https:\/\/fesprosa.org.ar\/portal\/wp-content\/uploads\/2014\/08\/btn-descarga-0111-500x41.png 500w\" sizes=\"auto, (max-width: 868px) 100vw, 868px\" \/><\/a><\/p>\n<p>Entre la ciencia y la \u00e9tica<\/p>\n<p style=\"text-align: center;\">DOCUMENTO<br \/><a href=\"http:\/\/fesprosa.org.ar\/portal\/wp-content\/uploads\/2014\/08\/Salud_entre-la-ciencia-y-la-\u00e9tica1.pdf\"><img loading=\"lazy\" decoding=\"async\" class=\"aligncenter size-full wp-image-4228\" src=\"http:\/\/fesprosa.org.ar\/portal\/wp-content\/uploads\/2014\/08\/btn-descarga-0111.png\" alt=\"btn-descarga-01\" width=\"868\" height=\"72\" srcset=\"https:\/\/fesprosa.org.ar\/portal\/wp-content\/uploads\/2014\/08\/btn-descarga-0111.png 868w, https:\/\/fesprosa.org.ar\/portal\/wp-content\/uploads\/2014\/08\/btn-descarga-0111-300x25.png 300w, https:\/\/fesprosa.org.ar\/portal\/wp-content\/uploads\/2014\/08\/btn-descarga-0111-500x41.png 500w\" sizes=\"auto, (max-width: 868px) 100vw, 868px\" \/><\/a><\/p>\n<p>Sensibilizadores cut\u00e1neos<\/p>\n<p style=\"text-align: center;\">DOCUMENTO<br \/><a href=\"http:\/\/fesprosa.org.ar\/portal\/wp-content\/uploads\/2014\/08\/Sensibilizadores_cutaneos-11.pdf\"><img loading=\"lazy\" decoding=\"async\" class=\"aligncenter size-full wp-image-4228\" src=\"http:\/\/fesprosa.org.ar\/portal\/wp-content\/uploads\/2014\/08\/btn-descarga-0111.png\" alt=\"btn-descarga-01\" width=\"868\" height=\"72\" srcset=\"https:\/\/fesprosa.org.ar\/portal\/wp-content\/uploads\/2014\/08\/btn-descarga-0111.png 868w, https:\/\/fesprosa.org.ar\/portal\/wp-content\/uploads\/2014\/08\/btn-descarga-0111-300x25.png 300w, https:\/\/fesprosa.org.ar\/portal\/wp-content\/uploads\/2014\/08\/btn-descarga-0111-500x41.png 500w\" sizes=\"auto, (max-width: 868px) 100vw, 868px\" \/><\/a><\/p>\n<p>T\u00e9cnicas para prevenir dolores musculares<\/p>\n<p style=\"text-align: center;\">DOCUMENTO<br \/><a href=\"http:\/\/fesprosa.org.ar\/portal\/wp-content\/uploads\/2014\/08\/t\u00e9cnicas-para-previnir-dolores-musculares1.pdf\"><img loading=\"lazy\" decoding=\"async\" class=\"aligncenter size-full wp-image-4228\" src=\"http:\/\/fesprosa.org.ar\/portal\/wp-content\/uploads\/2014\/08\/btn-descarga-0111.png\" alt=\"btn-descarga-01\" width=\"868\" height=\"72\" srcset=\"https:\/\/fesprosa.org.ar\/portal\/wp-content\/uploads\/2014\/08\/btn-descarga-0111.png 868w, https:\/\/fesprosa.org.ar\/portal\/wp-content\/uploads\/2014\/08\/btn-descarga-0111-300x25.png 300w, https:\/\/fesprosa.org.ar\/portal\/wp-content\/uploads\/2014\/08\/btn-descarga-0111-500x41.png 500w\" sizes=\"auto, (max-width: 868px) 100vw, 868px\" \/><\/a><\/p>\n<p>Trabajo digno sin violencia laboral<\/p>\n<p style=\"text-align: center;\">DOCUMENTO<br \/><a href=\"http:\/\/fesprosa.org.ar\/portal\/wp-content\/uploads\/2014\/08\/Trabajo-digno-sin-violencia-laboral1.pdf\"><img loading=\"lazy\" decoding=\"async\" class=\"aligncenter size-full wp-image-4228\" src=\"http:\/\/fesprosa.org.ar\/portal\/wp-content\/uploads\/2014\/08\/btn-descarga-0111.png\" alt=\"btn-descarga-01\" width=\"868\" height=\"72\" srcset=\"https:\/\/fesprosa.org.ar\/portal\/wp-content\/uploads\/2014\/08\/btn-descarga-0111.png 868w, https:\/\/fesprosa.org.ar\/portal\/wp-content\/uploads\/2014\/08\/btn-descarga-0111-300x25.png 300w, https:\/\/fesprosa.org.ar\/portal\/wp-content\/uploads\/2014\/08\/btn-descarga-0111-500x41.png 500w\" sizes=\"auto, (max-width: 868px) 100vw, 868px\" \/><\/a><\/p>\n<p>Trastornos musculoesquel\u00e9ticos<\/p>\n<p style=\"text-align: center;\">DOCUMENTO<br \/><a href=\"http:\/\/fesprosa.org.ar\/portal\/wp-content\/uploads\/2014\/08\/trastornos-musculoesquel\u00e9ticos1.pdf\"><img loading=\"lazy\" decoding=\"async\" class=\"aligncenter size-full wp-image-4228\" src=\"http:\/\/fesprosa.org.ar\/portal\/wp-content\/uploads\/2014\/08\/btn-descarga-0111.png\" alt=\"btn-descarga-01\" width=\"868\" height=\"72\" srcset=\"https:\/\/fesprosa.org.ar\/portal\/wp-content\/uploads\/2014\/08\/btn-descarga-0111.png 868w, https:\/\/fesprosa.org.ar\/portal\/wp-content\/uploads\/2014\/08\/btn-descarga-0111-300x25.png 300w, https:\/\/fesprosa.org.ar\/portal\/wp-content\/uploads\/2014\/08\/btn-descarga-0111-500x41.png 500w\" sizes=\"auto, (max-width: 868px) 100vw, 868px\" \/><\/a><\/p>\n<p>Salud de los trabajadores de la salud<\/p>\n<p style=\"text-align: center;\">DOCUMENTO<br \/><a href=\"http:\/\/fesprosa.org.ar\/portal\/wp-content\/uploads\/2014\/08\/Salud-de-los-trabajadores-de-la-salud1.pdf\"><img loading=\"lazy\" decoding=\"async\" class=\"aligncenter size-full wp-image-4228\" src=\"http:\/\/fesprosa.org.ar\/portal\/wp-content\/uploads\/2014\/08\/btn-descarga-0111.png\" alt=\"btn-descarga-01\" width=\"868\" height=\"72\" srcset=\"https:\/\/fesprosa.org.ar\/portal\/wp-content\/uploads\/2014\/08\/btn-descarga-0111.png 868w, https:\/\/fesprosa.org.ar\/portal\/wp-content\/uploads\/2014\/08\/btn-descarga-0111-300x25.png 300w, https:\/\/fesprosa.org.ar\/portal\/wp-content\/uploads\/2014\/08\/btn-descarga-0111-500x41.png 500w\" sizes=\"auto, (max-width: 868px) 100vw, 868px\" \/><\/a><\/p>\n\n\n<p>Protocolo de abordaje de las violencias y acoso en el mundo del trabajo<\/p>\n\n\n\n<p class=\"has-text-align-center\">DOCUMENTO<\/p>\n\n\n\n<div class=\"wp-block-image\"><figure class=\"aligncenter\"><a href=\"https:\/\/fesprosa.org.ar\/portal\/wp-content\/uploads\/2022\/12\/Protocolo-de-abordaje-de-las-violencias-y-acoso-en-el-mundo-laboral-2.pdf\"><img loading=\"lazy\" decoding=\"async\" width=\"868\" height=\"72\" src=\"http:\/\/fesprosa.org.ar\/portal\/wp-content\/uploads\/2014\/08\/btn-descarga-0111.png\" alt=\"btn-descarga-01\" class=\"wp-image-4228\" srcset=\"https:\/\/fesprosa.org.ar\/portal\/wp-content\/uploads\/2014\/08\/btn-descarga-0111.png 868w, https:\/\/fesprosa.org.ar\/portal\/wp-content\/uploads\/2014\/08\/btn-descarga-0111-300x25.png 300w, https:\/\/fesprosa.org.ar\/portal\/wp-content\/uploads\/2014\/08\/btn-descarga-0111-500x41.png 500w\" sizes=\"auto, (max-width: 868px) 100vw, 868px\" \/><\/a><\/figure><\/div>\n","protected":false},"excerpt":{"rendered":"<p>De sumo inter\u00e9s para el personal de Salud DOCUMENTO La identificaci\u00f3n de factores de riesgo puede ayudar a prevenir y tratar el sindrome de desgaste profesional entre el personal de las unidades de cuidados intensivos DOCUMENTO Acci\u00f3n sindical DOCUMENTO Agentes citost\u00e1ticos DOCUMENTO Autoevaluaci\u00f3n riesgos psicof\u00edsicos DOCUMENTO Prevenci\u00f3n de accidentes en laboratorios DOCUMENTO Prevenci\u00f3n de accidentes &#8230;<\/p>\n","protected":false},"author":3,"featured_media":0,"parent":0,"menu_order":0,"comment_status":"closed","ping_status":"open","template":"","meta":{"footnotes":""},"class_list":["post-4250","page","type-page","status-publish"],"_links":{"self":[{"href":"https:\/\/fesprosa.org.ar\/portal\/wp-json\/wp\/v2\/pages\/4250","targetHints":{"allow":["GET"]}}],"collection":[{"href":"https:\/\/fesprosa.org.ar\/portal\/wp-json\/wp\/v2\/pages"}],"about":[{"href":"https:\/\/fesprosa.org.ar\/portal\/wp-json\/wp\/v2\/types\/page"}],"author":[{"embeddable":true,"href":"https:\/\/fesprosa.org.ar\/portal\/wp-json\/wp\/v2\/users\/3"}],"replies":[{"embeddable":true,"href":"https:\/\/fesprosa.org.ar\/portal\/wp-json\/wp\/v2\/comments?post=4250"}],"version-history":[{"count":0,"href":"https:\/\/fesprosa.org.ar\/portal\/wp-json\/wp\/v2\/pages\/4250\/revisions"}],"wp:attachment":[{"href":"https:\/\/fesprosa.org.ar\/portal\/wp-json\/wp\/v2\/media?parent=4250"}],"curies":[{"name":"wp","href":"https:\/\/api.w.org\/{rel}","templated":true}]}}