{"id":3038,"date":"2013-06-13T16:06:10","date_gmt":"2013-06-13T19:06:10","guid":{"rendered":"http:\/\/www.fesprosa.com.ar\/portal\/?page_id=3038"},"modified":"2013-06-13T16:06:10","modified_gmt":"2013-06-13T19:06:10","slug":"cipolletti-piden-desprocesamiento-de-trabajadores-de-la-salud","status":"publish","type":"page","link":"https:\/\/fesprosa.org.ar\/portal\/cipolletti-piden-desprocesamiento-de-trabajadores-de-la-salud\/","title":{"rendered":"CIPOLLETTI: PIDEN DESPROCESAMIENTO DE TRABAJADORES DE LA SALUD"},"content":{"rendered":"<p>Cipolletti, jueves 6 de junio de 2013 (Prensa FESPROSA* ).- El Sindicato de Profesionales de Salud P\u00fablica del Neuqu\u00e9n (SiProSaPuNe-FESPROSA), se solidariza con los trabajadores del Hospital Dr. Pedro Moguillansky de la ciudad de Cipolletti, injustamente procesados en relaci\u00f3n con la tentativa de suicidio de Susana Freydoz, condenada a 18 a\u00f1os por el asesinato de su esposo Carlos Soria.<br \/>\n\u00abEl Poder Judicial es el responsable directo del hecho por el tratamiento especial que se le dio a la condenada. Desde el mismo d\u00eda que cometi\u00f3 el asesinato de su esposo se le concedi\u00f3 arresto en el domicilio de un familiar y luego en el hospital ordenando no limitar las visitas, ni controlar que y quien entraba y sal\u00eda y marcando un trato absolutamente diferencial respecto de los que comenten igual delito, demostrando as\u00ed la absoluta connivencia con la pol\u00edtica provincial.<br \/>\n\u00abLos hospitales no deben ser usados como c\u00e1rceles , ni deben exponerse a sus trabajadores a situaciones de riesgos en el af\u00e1n de dar privilegios a personas de fuerte ligaz\u00f3n con el poder pol\u00edtico.<br \/>\n\u00abLa actitud del Poder judicial no hace m\u00e1s que sentar malos precedentes ya que en vez de resolver las falencias de su propio accionar y buscar o crear instituciones que alberguen este tipo de condenados con problemas psiqui\u00e1tricos, los manda a los hospitales y cuando ocurren hechos absolutamente lamentables la culpa es de los otros y no propia.<br \/>\n\u00abCon decisiones como las del Fiscal Cid los ciudadanos estamos en problemas, y m\u00e1s aun los trabajadores de la salud p\u00fablica\u00bb., fin<\/p>\n","protected":false},"excerpt":{"rendered":"<p>Cipolletti, jueves 6 de junio de 2013 (Prensa FESPROSA* ).- El Sindicato de Profesionales de Salud P\u00fablica del Neuqu\u00e9n (SiProSaPuNe-FESPROSA), se solidariza con los trabajadores del Hospital Dr. Pedro Moguillansky de la ciudad de Cipolletti, injustamente procesados en relaci\u00f3n con la tentativa de suicidio de Susana Freydoz, condenada a 18 a\u00f1os por el asesinato de &#8230;<\/p>\n","protected":false},"author":3,"featured_media":0,"parent":0,"menu_order":0,"comment_status":"closed","ping_status":"closed","template":"","meta":{"footnotes":""},"class_list":["post-3038","page","type-page","status-publish"],"_links":{"self":[{"href":"https:\/\/fesprosa.org.ar\/portal\/wp-json\/wp\/v2\/pages\/3038","targetHints":{"allow":["GET"]}}],"collection":[{"href":"https:\/\/fesprosa.org.ar\/portal\/wp-json\/wp\/v2\/pages"}],"about":[{"href":"https:\/\/fesprosa.org.ar\/portal\/wp-json\/wp\/v2\/types\/page"}],"author":[{"embeddable":true,"href":"https:\/\/fesprosa.org.ar\/portal\/wp-json\/wp\/v2\/users\/3"}],"replies":[{"embeddable":true,"href":"https:\/\/fesprosa.org.ar\/portal\/wp-json\/wp\/v2\/comments?post=3038"}],"version-history":[{"count":0,"href":"https:\/\/fesprosa.org.ar\/portal\/wp-json\/wp\/v2\/pages\/3038\/revisions"}],"wp:attachment":[{"href":"https:\/\/fesprosa.org.ar\/portal\/wp-json\/wp\/v2\/media?parent=3038"}],"curies":[{"name":"wp","href":"https:\/\/api.w.org\/{rel}","templated":true}]}}