{"id":2539,"date":"2013-02-16T08:58:38","date_gmt":"2013-02-16T11:58:38","guid":{"rendered":"http:\/\/www.fesprosa.com.ar\/portal\/?page_id=2539"},"modified":"2021-02-04T17:50:20","modified_gmt":"2021-02-04T17:50:20","slug":"inicio","status":"publish","type":"page","link":"https:\/\/fesprosa.org.ar\/portal\/","title":{"rendered":"Inicio"},"content":{"rendered":"<div class=\"wpb-content-wrapper\"><p>[vc_row][vc_column]\t\t\t\t\t\t\t <!-- Default slider -->\n\t\t                            <section class=\"section  feature_slider_76\"><!--def slider-->\n\t\t                                <div class=\"def-slider\">\n\t\t                                    <div class=\"def-slider-wrap momizat-custom-slider\" data-srtl=\"false\" data-animate_out='' data-animate_in=\"\" data-autoplay=\"true\" data-timeout=\"7000\" data-bullets_event=\"\">\n\t\t                                        \t\t                                        \t\t                                        <div class=\"def-slider-item\"  data-dot=\"1\">\n\t\t                                            <a href=\"https:\/\/fesprosa.org.ar\/portal\/presencia-federal-de-fesprosa-en-el-plenario-del-frente-de-sindicatos-unidos\/\">\n\t\t                                            \t<img decoding=\"async\" src=\"https:\/\/fesprosa.org.ar\/portal\/wp-content\/uploads\/2026\/05\/Noticias-02052026_1-546x365.jpg\" data-hidpi=\"https:\/\/fesprosa.org.ar\/portal\/wp-content\/uploads\/2026\/05\/Noticias-02052026_1-546x365.jpg\" alt=\"Presencia federal de Fesprosa en el plenario del Frente de Sindicatos Unidos\" width=\"546px\" height=\"365px\">\t\t                                            <\/a>\n\t\t                                            \t\t                                            <div class=\"def-slider-cap\">\n\t\t                                                <div class=\"def-slider-title\">\n\t\t                                                    <h2><a href=\"https:\/\/fesprosa.org.ar\/portal\/presencia-federal-de-fesprosa-en-el-plenario-del-frente-de-sindicatos-unidos\/\">Presencia federal de Fesprosa en el plenario del Frente de Sindicatos Unidos<\/a><\/h2>\n\t\t                                                <\/div>\n\t\t                                                \t\t                                            <\/div>\n\t\t                                            \t\t                                        <\/div>\n\t\t                                        \t\t                                        \t\t                                        \t\t                                        <div class=\"def-slider-item\"  data-dot=\"2\">\n\t\t                                            <a href=\"https:\/\/fesprosa.org.ar\/portal\/unidad-del-cono-sur-contra-el-ajuste-y-por-la-salud-publica\/\">\n\t\t                                            \t<img decoding=\"async\" src=\"https:\/\/fesprosa.org.ar\/portal\/wp-content\/uploads\/2026\/04\/Noticias-29042026_4-546x365.jpg\" data-hidpi=\"https:\/\/fesprosa.org.ar\/portal\/wp-content\/uploads\/2026\/04\/Noticias-29042026_4-546x365.jpg\" alt=\"Unidad del Cono Sur contra el ajuste y por la Salud P\u00fablica\" width=\"546px\" height=\"365px\">\t\t                                            <\/a>\n\t\t                                            \t\t                                            <div class=\"def-slider-cap\">\n\t\t                                                <div class=\"def-slider-title\">\n\t\t                                                    <h2><a href=\"https:\/\/fesprosa.org.ar\/portal\/unidad-del-cono-sur-contra-el-ajuste-y-por-la-salud-publica\/\">Unidad del Cono Sur contra el ajuste y por la Salud P\u00fablica<\/a><\/h2>\n\t\t                                                <\/div>\n\t\t                                                \t\t                                            <\/div>\n\t\t                                            \t\t                                        <\/div>\n\t\t                                        \t\t                                        \t\t                                    <\/div>\n\n\t\t                                <\/div>\n\t\t                            <\/section><!--def slider-->\n\n\t\t                <!-- End Slider type -->\n\t\t\t[\/vc_column][\/vc_row][vc_row][vc_column css=\u00bb.vc_custom_1436899211906{padding-right: 3px !important;padding-left: 3px !important;}\u00bb]                    \n            \t    \n\t\t<section class=\"section news-box nb1 cat_10 \"><!--News box 1-->\n\t\t\t                                    \n                            <header class=\"block-title \" >\n                                <h2><a href=\"https:\/\/fesprosa.org.ar\/portal\/category\/centro-de-prensa\/noticias\/\">Centro de Prensa<\/a><\/h2>\n\t\t\t\t                            <\/header>\n                            \n                            <ul>\n                                                                <li class=\"post-17460 post type-post status-publish format-standard has-post-thumbnail category-noticias\">\n                                                                        <figure class=\"post-thumbnail\"><a href=\"https:\/\/fesprosa.org.ar\/portal\/presencia-federal-de-fesprosa-en-el-plenario-del-frente-de-sindicatos-unidos\/\">\n                                        <img decoding=\"async\" src=\"https:\/\/fesprosa.org.ar\/portal\/wp-content\/uploads\/2026\/05\/Noticias-02052026_1-364x245.jpg\" data-hidpi=\"https:\/\/fesprosa.org.ar\/portal\/wp-content\/uploads\/2026\/05\/Noticias-02052026_1-364x245.jpg\" alt=\"Presencia federal de Fesprosa en el plenario del Frente de Sindicatos Unidos\" width=\"364px\" height=\"245px\">                                        <span class=\"post-format-icon\"><\/span>\n                                    <\/a><\/figure>\n                                                                        \t\t\t\t\t\t\t\t\t<div class=\"fix-right-content\">\n                                    <h2 itemprop=\"headline\"><a itemprop=\"url\" href=\"https:\/\/fesprosa.org.ar\/portal\/presencia-federal-de-fesprosa-en-el-plenario-del-frente-de-sindicatos-unidos\/\">Presencia federal de Fesprosa en el plenario del Frente de Sindicatos Unidos<\/a><\/h2>\n                                    <div class=\"entry-content\">\n                                        \n                                        <p>\n\t                                        Mar\u00eda Fernanda Boriotti, presidenta de Fesprosa, llev\u00f3 el mensaje de la Federaci\u00f3n a los 1600 delegados y delegadas en el panel central de apertura. U...\t                                    <\/p>\n\t                                                                    <\/div>\n                                                                        <div class=\"entry-meta\">\n                                                                                                                <time class=\"entry-date\" datetime=\"2026-05-02T15:41:07+00:00\" itemprop=\"datePublished\" content=\"2026-05-02T15:41:07+00:00\"><i class=\"momizat-icon-calendar\"><\/i>mayo 02, 2026<\/time>\n                                                                                                                        <div class=\"comments-link\">\n                                            <i class=\"momizat-icon-bubbles4\"><\/i><a href=\"https:\/\/fesprosa.org.ar\/portal\/presencia-federal-de-fesprosa-en-el-plenario-del-frente-de-sindicatos-unidos\/#respond\">(0) Comments<\/a>\n                                            \n                                        <\/div>\n                                                                            <\/div>\n                                    \t\t\t\t\t\t\t\t\t<\/div>\n                                <\/li>\n                                                                <li class=\"post-17450 post type-post status-publish format-standard has-post-thumbnail category-isp category-noticias\">\n                                                                        <figure class=\"post-thumbnail\"><a href=\"https:\/\/fesprosa.org.ar\/portal\/unidad-del-cono-sur-contra-el-ajuste-y-por-la-salud-publica\/\">\n                                        <img decoding=\"async\" src=\"https:\/\/fesprosa.org.ar\/portal\/wp-content\/uploads\/2026\/04\/Noticias-29042026_4-364x245.jpg\" data-hidpi=\"https:\/\/fesprosa.org.ar\/portal\/wp-content\/uploads\/2026\/04\/Noticias-29042026_4-364x245.jpg\" alt=\"Unidad del Cono Sur contra el ajuste y por la Salud P\u00fablica\" width=\"364px\" height=\"245px\">                                        <span class=\"post-format-icon\"><\/span>\n                                    <\/a><\/figure>\n                                                                        \t\t\t\t\t\t\t\t\t<div class=\"fix-right-content\">\n                                    <h2 itemprop=\"headline\"><a itemprop=\"url\" href=\"https:\/\/fesprosa.org.ar\/portal\/unidad-del-cono-sur-contra-el-ajuste-y-por-la-salud-publica\/\">Unidad del Cono Sur contra el ajuste y por la Salud P\u00fablica<\/a><\/h2>\n                                    <div class=\"entry-content\">\n                                        \n                                        <p>\n\t                                        \u200bFinaliz\u00f3 en Asunci\u00f3n el encuentro de la ISP (Internacional de Servicios P\u00fablicos), un espacio clave donde FESPROSA particip\u00f3 activamente para denunci...\t                                    <\/p>\n\t                                                                    <\/div>\n                                                                        <div class=\"entry-meta\">\n                                                                                                                <time class=\"entry-date\" datetime=\"2026-04-29T19:46:05+00:00\" itemprop=\"datePublished\" content=\"2026-04-29T19:46:05+00:00\"><i class=\"momizat-icon-calendar\"><\/i>abril 29, 2026<\/time>\n                                                                                                                        <div class=\"comments-link\">\n                                            <i class=\"momizat-icon-bubbles4\"><\/i><a href=\"https:\/\/fesprosa.org.ar\/portal\/unidad-del-cono-sur-contra-el-ajuste-y-por-la-salud-publica\/#respond\">(0) Comments<\/a>\n                                            \n                                        <\/div>\n                                                                            <\/div>\n                                    \t\t\t\t\t\t\t\t\t<\/div>\n                                <\/li>\n                                                                <li class=\"post-17438 post type-post status-publish format-standard has-post-thumbnail category-noticias category-regionales category-sin-categoria\">\n                                                                        <figure class=\"post-thumbnail\"><a href=\"https:\/\/fesprosa.org.ar\/portal\/nueva-semana-de-conflictos-en-salud\/\">\n                                        <img decoding=\"async\" src=\"https:\/\/fesprosa.org.ar\/portal\/wp-content\/uploads\/2026\/02\/Movilizacion-11022026-SC-1-364x245.jpg\" data-hidpi=\"https:\/\/fesprosa.org.ar\/portal\/wp-content\/uploads\/2026\/02\/Movilizacion-11022026-SC-1-364x245.jpg\" alt=\"Nueva semana de conflictos en salud\" width=\"364px\" height=\"245px\">                                        <span class=\"post-format-icon\"><\/span>\n                                    <\/a><\/figure>\n                                                                        \t\t\t\t\t\t\t\t\t<div class=\"fix-right-content\">\n                                    <h2 itemprop=\"headline\"><a itemprop=\"url\" href=\"https:\/\/fesprosa.org.ar\/portal\/nueva-semana-de-conflictos-en-salud\/\">Nueva semana de conflictos en salud<\/a><\/h2>\n                                    <div class=\"entry-content\">\n                                        \n                                        <p>\n\t                                        Hoy, 28 de abril, comienza una serie de medidas de fuerza en varios puntos del pa\u00eds. Un repaso, provincia por provincia, de los conflictos en curso.\t                                    <\/p>\n\t                                                                    <\/div>\n                                                                        <div class=\"entry-meta\">\n                                                                                                                <time class=\"entry-date\" datetime=\"2026-04-28T14:22:17+00:00\" itemprop=\"datePublished\" content=\"2026-04-28T14:22:17+00:00\"><i class=\"momizat-icon-calendar\"><\/i>abril 28, 2026<\/time>\n                                                                                                                        <div class=\"comments-link\">\n                                            <i class=\"momizat-icon-bubbles4\"><\/i><a href=\"https:\/\/fesprosa.org.ar\/portal\/nueva-semana-de-conflictos-en-salud\/#respond\">(0) Comments<\/a>\n                                            \n                                        <\/div>\n                                                                            <\/div>\n                                    \t\t\t\t\t\t\t\t\t<\/div>\n                                <\/li>\n                                                                <li class=\"post-17428 post type-post status-publish format-standard has-post-thumbnail category-noticias category-prensa category-sin-categoria\">\n                                                                        <figure class=\"post-thumbnail\"><a href=\"https:\/\/fesprosa.org.ar\/portal\/m-fernanda-boriotti-el-fin-del-plan-remediar-es-un-nuevo-ataque-a-la-salud-publica\/\">\n                                        <img decoding=\"async\" src=\"https:\/\/fesprosa.org.ar\/portal\/wp-content\/uploads\/2026\/04\/Captura-de-pantalla-2026-04-14-114137-364x245.png\" data-hidpi=\"https:\/\/fesprosa.org.ar\/portal\/wp-content\/uploads\/2026\/04\/Captura-de-pantalla-2026-04-14-114137-364x245.png\" alt=\"M. Fernanda Boriotti: \"El fin del Plan Remediar es un nuevo ataque a la salud p\u00fablica\"\" width=\"364px\" height=\"245px\">                                        <span class=\"post-format-icon\"><\/span>\n                                    <\/a><\/figure>\n                                                                        \t\t\t\t\t\t\t\t\t<div class=\"fix-right-content\">\n                                    <h2 itemprop=\"headline\"><a itemprop=\"url\" href=\"https:\/\/fesprosa.org.ar\/portal\/m-fernanda-boriotti-el-fin-del-plan-remediar-es-un-nuevo-ataque-a-la-salud-publica\/\">M. Fernanda Boriotti: \u00abEl fin del Plan Remediar es un nuevo ataque a la salud p\u00fablica\u00bb<\/a><\/h2>\n                                    <div class=\"entry-content\">\n                                        \n                                        <p>\n\t                                        Compartimos la entrevista realizada a Mar\u00eda Fernanda Boriotti, presidenta de Fesprosa, por LU 9 Radio Mar del Plata, donde habl\u00f3 del fin del Plan Reme...\t                                    <\/p>\n\t                                                                    <\/div>\n                                                                        <div class=\"entry-meta\">\n                                                                                                                <time class=\"entry-date\" datetime=\"2026-04-14T14:44:35+00:00\" itemprop=\"datePublished\" content=\"2026-04-14T14:44:35+00:00\"><i class=\"momizat-icon-calendar\"><\/i>abril 14, 2026<\/time>\n                                                                                                                        <div class=\"comments-link\">\n                                            <i class=\"momizat-icon-bubbles4\"><\/i><a href=\"https:\/\/fesprosa.org.ar\/portal\/m-fernanda-boriotti-el-fin-del-plan-remediar-es-un-nuevo-ataque-a-la-salud-publica\/#respond\">(0) Comments<\/a>\n                                            \n                                        <\/div>\n                                                                            <\/div>\n                                    \t\t\t\t\t\t\t\t\t<\/div>\n                                <\/li>\n                                                                <li class=\"post-17425 post type-post status-publish format-standard has-post-thumbnail category-comunicados category-destacados-del-mes category-noticias\">\n                                                                        <figure class=\"post-thumbnail\"><a href=\"https:\/\/fesprosa.org.ar\/portal\/disolucion-del-plan-remediar\/\">\n                                        <img decoding=\"async\" src=\"https:\/\/fesprosa.org.ar\/portal\/wp-content\/uploads\/2026\/04\/Noticias-11042026-364x245.jpg\" data-hidpi=\"https:\/\/fesprosa.org.ar\/portal\/wp-content\/uploads\/2026\/04\/Noticias-11042026-364x245.jpg\" alt=\"Disoluci\u00f3n del Plan Remediar\" width=\"364px\" height=\"245px\">                                        <span class=\"post-format-icon\"><\/span>\n                                    <\/a><\/figure>\n                                                                        \t\t\t\t\t\t\t\t\t<div class=\"fix-right-content\">\n                                    <h2 itemprop=\"headline\"><a itemprop=\"url\" href=\"https:\/\/fesprosa.org.ar\/portal\/disolucion-del-plan-remediar\/\">Disoluci\u00f3n del Plan Remediar<\/a><\/h2>\n                                    <div class=\"entry-content\">\n                                        \n                                        <p>\n\t                                        10 de Abril | Durante m\u00e1s de dos d\u00e9cadas, el Plan Remediar garantiz\u00f3 la provisi\u00f3n regular de medicamentos en los centros de atenci\u00f3n primaria, sostuvo...\t                                    <\/p>\n\t                                                                    <\/div>\n                                                                        <div class=\"entry-meta\">\n                                                                                                                <time class=\"entry-date\" datetime=\"2026-04-11T19:01:20+00:00\" itemprop=\"datePublished\" content=\"2026-04-11T19:01:20+00:00\"><i class=\"momizat-icon-calendar\"><\/i>abril 11, 2026<\/time>\n                                                                                                                        <div class=\"comments-link\">\n                                            <i class=\"momizat-icon-bubbles4\"><\/i><a href=\"https:\/\/fesprosa.org.ar\/portal\/disolucion-del-plan-remediar\/#respond\">(0) Comments<\/a>\n                                            \n                                        <\/div>\n                                                                            <\/div>\n                                    \t\t\t\t\t\t\t\t\t<\/div>\n                                <\/li>\n                                                                <li class=\"post-17422 post type-post status-publish format-standard has-post-thumbnail category-destacados-del-mes category-noticias\">\n                                                                        <figure class=\"post-thumbnail\"><a href=\"https:\/\/fesprosa.org.ar\/portal\/firma-la-carta-al-secretario-general-de-la-oms\/\">\n                                        <img decoding=\"async\" src=\"https:\/\/fesprosa.org.ar\/portal\/wp-content\/uploads\/2026\/04\/Noticias-09042026-364x245.jpg\" data-hidpi=\"https:\/\/fesprosa.org.ar\/portal\/wp-content\/uploads\/2026\/04\/Noticias-09042026-364x245.jpg\" alt=\"Firm\u00e1 la carta al Secretario General de la OMS\" width=\"364px\" height=\"245px\">                                        <span class=\"post-format-icon\"><\/span>\n                                    <\/a><\/figure>\n                                                                        \t\t\t\t\t\t\t\t\t<div class=\"fix-right-content\">\n                                    <h2 itemprop=\"headline\"><a itemprop=\"url\" href=\"https:\/\/fesprosa.org.ar\/portal\/firma-la-carta-al-secretario-general-de-la-oms\/\">Firm\u00e1 la carta al Secretario General de la OMS<\/a><\/h2>\n                                    <div class=\"entry-content\">\n                                        \n                                        <p>\n\t                                        El 18 de mayo, comenzar\u00e1 en Ginebra la Asamblea Mundial de la Salud, que tendr\u00e1 el debate sobre la salida de Argentina como uno de los temas pol\u00edticos...\t                                    <\/p>\n\t                                                                    <\/div>\n                                                                        <div class=\"entry-meta\">\n                                                                                                                <time class=\"entry-date\" datetime=\"2026-04-09T18:36:50+00:00\" itemprop=\"datePublished\" content=\"2026-04-09T18:36:50+00:00\"><i class=\"momizat-icon-calendar\"><\/i>abril 09, 2026<\/time>\n                                                                                                                        <div class=\"comments-link\">\n                                            <i class=\"momizat-icon-bubbles4\"><\/i><a href=\"https:\/\/fesprosa.org.ar\/portal\/firma-la-carta-al-secretario-general-de-la-oms\/#respond\">(0) Comments<\/a>\n                                            \n                                        <\/div>\n                                                                            <\/div>\n                                    \t\t\t\t\t\t\t\t\t<\/div>\n                                <\/li>\n                                                            <\/ul>\n                                                    \n                    <\/section><!--News box 1-->\n\t\t\n\t    \n\t[\/vc_column][\/vc_row][vc_row][vc_column][vc_separator color=\u00bbturquoise\u00bb][\/vc_column][\/vc_row][vc_column][vc_column_text]<br \/>\n[\/vc_column_text][\/vc_column]<\/p>\n<\/div>","protected":false},"excerpt":{"rendered":"<p>[vc_row][vc_column][\/vc_column][\/vc_row][vc_row][vc_column css=\u00bb.vc_custom_1436899211906{padding-right: 3px !important;padding-left: 3px !important;}\u00bb][\/vc_column][\/vc_row][vc_row][vc_column][vc_separator color=\u00bbturquoise\u00bb][\/vc_column][\/vc_row][vc_column][vc_column_text] [\/vc_column_text][\/vc_column]<\/p>\n","protected":false},"author":10,"featured_media":0,"parent":0,"menu_order":0,"comment_status":"closed","ping_status":"open","template":"","meta":{"footnotes":""},"class_list":["post-2539","page","type-page","status-publish"],"_links":{"self":[{"href":"https:\/\/fesprosa.org.ar\/portal\/wp-json\/wp\/v2\/pages\/2539","targetHints":{"allow":["GET"]}}],"collection":[{"href":"https:\/\/fesprosa.org.ar\/portal\/wp-json\/wp\/v2\/pages"}],"about":[{"href":"https:\/\/fesprosa.org.ar\/portal\/wp-json\/wp\/v2\/types\/page"}],"author":[{"embeddable":true,"href":"https:\/\/fesprosa.org.ar\/portal\/wp-json\/wp\/v2\/users\/10"}],"replies":[{"embeddable":true,"href":"https:\/\/fesprosa.org.ar\/portal\/wp-json\/wp\/v2\/comments?post=2539"}],"version-history":[{"count":0,"href":"https:\/\/fesprosa.org.ar\/portal\/wp-json\/wp\/v2\/pages\/2539\/revisions"}],"wp:attachment":[{"href":"https:\/\/fesprosa.org.ar\/portal\/wp-json\/wp\/v2\/media?parent=2539"}],"curies":[{"name":"wp","href":"https:\/\/api.w.org\/{rel}","templated":true}]}}