{"id":17238,"date":"2026-01-10T17:34:36","date_gmt":"2026-01-10T17:34:36","guid":{"rendered":"https:\/\/fesprosa.org.ar\/portal\/?page_id=17238"},"modified":"2026-01-10T18:41:03","modified_gmt":"2026-01-10T18:41:03","slug":"autoridades","status":"publish","type":"page","link":"https:\/\/fesprosa.org.ar\/portal\/autoridades\/","title":{"rendered":"Autoridades"},"content":{"rendered":"<div class=\"wpb-content-wrapper\"><p>[vc_row][vc_column][vc_column_text]<\/p>\n<h2 class=\"wp-block-heading has-white-color has-text-color has-background\" style=\"background-color:#144765;font-style:normal;font-weight:600\">CONSEJO EJECUTIVO NACIONAL<\/h2>\n\n<p style=\"padding-left: 80px;\">PRESIDENTE Mar\u00eda Fernanda Boriotti<br \/>\nVICEPRESIDENTE Adriana Bueno<br \/>\nSECRETARIA GENERAL Noemi Alemany<br \/>\nSECRETARIA GREMIAL Cesira Mullally<br \/>\nSECRETARIA FINANZAS Cintia Gambuti<br \/>\nSECRETARIA DD.HH. Y \u00c9TICA Rolando Ag\u00fcero<br \/>\nSECRETARIO PRENSA Y DIFUSI\u00d3N Andrea P\u00e9rrez<br \/>\nSECRETARIA ACCI\u00d3N SOCIAL Noelia Domenez Fernandez<br \/>\nSECRETARIO RELACIONES INSTITUCIONALES Claudia Iturbe<br \/>\nSECRETARIO DE ORGANIZACI\u00d3N Jorge Yabkowski<br \/>\nSECRETARIA DE SALUD Y MEDIO AMBIENTE Mirta Viola<br \/>\nSECRETARIA ASUNTOS LEGALES Miriam Porter<br \/>\nSECRETARIA DE SALUD LABORAL Daniel Ag\u00fcero<br \/>\nSECRETARIO DE CARRERA HOSPITALARIA Rub\u00e9n Zapponi<br \/>\nSECRETARIO DE POL\u00cdTICAS SANITARIAS Jer\u00f3nimo Ainsuain<br \/>\nSECRETARIA DE ASUNTOS CIENT\u00cdFICOS Y CULTURALES Mirta Salcedo<br \/>\nSECRETARIA DE CAPACITACI\u00d3N Myriam Wierna<br \/>\nSECRETARIO DE RELACIONES INTERNACIONALES Alejandro M\u00e1rquez<br \/>\nSECRETARIA DE INTERIOR Mar\u00eda Teresa Rodr\u00edguez<br \/>\nSECRETARIA DE G\u00c9NERO Tamara P\u00e9rez<br \/>\nSECRETARIO DE ACTAS Teresita Aguirre<\/p>\n\n<h3 class=\"wp-block-heading has-white-color has-black-background-color has-text-color has-background\">       Comisi\u00f3n revisora de cuentas<\/h3>\n\n<p style=\"padding-left: 80px;\">Mirtha Jaime<br \/>\nAna Gloria Gonz\u00e1lez<br \/>\nMar\u00eda Sonia Calvo<\/p>\n\n<h3 class=\"wp-block-heading has-black-color has-cyan-bluish-gray-background-color has-text-color has-background\">Comisi\u00f3n de disciplina<\/h3>\n\n<p style=\"padding-left: 80px;\">Leandro Goldsack<br \/>\nJuan Carlos Su\u00e1rez<br \/>\nRodrigo Dominguez<br \/>\nMar\u00eda Angelica Veiga<br \/>\nCristina Colom<\/p>\n<p>[\/vc_column_text][\/vc_column][\/vc_row]<\/p>\n<\/div>","protected":false},"excerpt":{"rendered":"<p>[vc_row][vc_column][vc_column_text] CONSEJO EJECUTIVO NACIONAL PRESIDENTE Mar\u00eda Fernanda Boriotti VICEPRESIDENTE Adriana Bueno SECRETARIA GENERAL Noemi Alemany SECRETARIA GREMIAL Cesira Mullally SECRETARIA FINANZAS Cintia Gambuti SECRETARIA DD.HH. Y \u00c9TICA Rolando Ag\u00fcero SECRETARIO PRENSA Y DIFUSI\u00d3N Andrea P\u00e9rrez SECRETARIA ACCI\u00d3N SOCIAL Noelia Domenez Fernandez SECRETARIO RELACIONES INSTITUCIONALES Claudia Iturbe SECRETARIO DE ORGANIZACI\u00d3N Jorge Yabkowski SECRETARIA DE SALUD Y &#8230;<\/p>\n","protected":false},"author":9,"featured_media":0,"parent":0,"menu_order":0,"comment_status":"closed","ping_status":"closed","template":"","meta":{"footnotes":""},"class_list":["post-17238","page","type-page","status-publish"],"_links":{"self":[{"href":"https:\/\/fesprosa.org.ar\/portal\/wp-json\/wp\/v2\/pages\/17238","targetHints":{"allow":["GET"]}}],"collection":[{"href":"https:\/\/fesprosa.org.ar\/portal\/wp-json\/wp\/v2\/pages"}],"about":[{"href":"https:\/\/fesprosa.org.ar\/portal\/wp-json\/wp\/v2\/types\/page"}],"author":[{"embeddable":true,"href":"https:\/\/fesprosa.org.ar\/portal\/wp-json\/wp\/v2\/users\/9"}],"replies":[{"embeddable":true,"href":"https:\/\/fesprosa.org.ar\/portal\/wp-json\/wp\/v2\/comments?post=17238"}],"version-history":[{"count":2,"href":"https:\/\/fesprosa.org.ar\/portal\/wp-json\/wp\/v2\/pages\/17238\/revisions"}],"predecessor-version":[{"id":17244,"href":"https:\/\/fesprosa.org.ar\/portal\/wp-json\/wp\/v2\/pages\/17238\/revisions\/17244"}],"wp:attachment":[{"href":"https:\/\/fesprosa.org.ar\/portal\/wp-json\/wp\/v2\/media?parent=17238"}],"curies":[{"name":"wp","href":"https:\/\/api.w.org\/{rel}","templated":true}]}}